{"id":64,"date":"2015-05-30T10:32:09","date_gmt":"2015-05-30T08:32:09","guid":{"rendered":"http:\/\/www.phguerard.info\/expresscotier2015\/blog\/?page_id=64"},"modified":"2015-06-10T11:38:29","modified_gmt":"2015-06-10T09:38:29","slug":"webcams","status":"publish","type":"page","link":"http:\/\/www.phguerard.info\/expresscotier2015\/blog\/?page_id=64","title":{"rendered":"Webcams"},"content":{"rendered":"<p>Bonjour,<\/p>\n<p>Sur cette page, quelques webcams de Norv\u00e8ge du Nord o\u00f9 pour la plus part, vous pouvez voir les navires de l&rsquo;Hurtigruten.<br \/>\nCe ne sont \u00e0 proprement parl\u00e9 des webcams, puisque ces sites diffusent des panoramiques des ports, actualis\u00e9s environ toutes les 15 minutes.<br \/>\nJ&rsquo;avais trouv\u00e9 3 de ces webcams sur le net, et les autres je les ai trouv\u00e9es sur un magnifique site intitul\u00e9 : <strong>7 voyages sur l&rsquo;Hurtigruten<\/strong> \u00e0 l&rsquo;adresse suivante : <a href=\"http:\/\/hurtigruten.toilapol.net\/norvege\/index.html\" target=\"_blank\">http:\/\/hurtigruten.toilapol.net\/norvege\/index.html<\/a><\/p>\n<p>Je rappelle, qu&rsquo;\u00e0 <a href=\"http:\/\/www.phguerard.info\/expresscotier2015\/blog\/?page_id=17\">la page carte<\/a>, vous pouvez suivre la parcours du navire MS KONG HARALD gr\u00e2ce aux deux webcams qui sont \u00e0 bord, une \u00e0 l&rsquo;avant, l&rsquo;autre \u00e0 b\u00e2bord.<\/p>\n<p>La carte ci-dessous vous permet de voir o\u00f9 se trouvent ces webcams. Il suffit de cliquer sur la petite cam\u00e9ra et une boit s&rsquo;ouvrira avec une photo et dessous le lien \u00e0 cliquer.<\/p>\n<p>Attention, au moment o\u00f9 j&rsquo;\u00e9cris ces lignes quelques unes ne fonctionnent pas, ce sont :<\/p>\n<p>&#8211; le port de Troms\u00f8, rest\u00e9e sur le 27\/05\/2015 (j&rsquo;en ai donc mis une autre en plus)<br \/>\n&#8211; le port d&rsquo;\u00d8ksfjord, rest\u00e9e sur le 07\/10\/2013<\/p>\n<p><iframe loading=\"lazy\" src=\"https:\/\/www.google.com\/maps\/d\/embed?mid=zzNYGfBa3X3M.kfSaWPy3ukHg\" width=\"700\" height=\"480\"><\/iframe><\/p>\n<div align=\"center\">\n<!-- CPM AFFILIATION TAG 468X60 (phguerard.info) --><br \/>\n<script type=\"text\/javascript\">\nvar cpma_rnd=Math.floor(Math.random()*99999999999);\ndocument.write(\"<scr\"+\"ipt type='text\/javascript' src='http:\/\/www.cpmaffiliation.com\/46577-468x60.js?rnd=\"+cpma_rnd+\"'><\/scr\"+\"ipt>\");\n<\/script><br \/>\n<!-- FIN TAG CPM AFFILIATION -->\n<\/div>\n","protected":false},"excerpt":{"rendered":"<p>Bonjour, Sur cette page, quelques webcams de Norv\u00e8ge du Nord o\u00f9 pour la plus part, vous pouvez voir les navires de l&rsquo;Hurtigruten. Ce ne sont \u00e0 proprement parl\u00e9 des webcams, puisque ces sites diffusent des panoramiques des ports, actualis\u00e9s environ &hellip; <a href=\"http:\/\/www.phguerard.info\/expresscotier2015\/blog\/?page_id=64\">Continuer la lecture <span class=\"meta-nav\">&rarr;<\/span><\/a><\/p>\n","protected":false},"author":1,"featured_media":0,"parent":0,"menu_order":0,"comment_status":"open","ping_status":"open","template":"","meta":{"jetpack_post_was_ever_published":false,"footnotes":""},"class_list":["post-64","page","type-page","status-publish","hentry"],"jetpack_sharing_enabled":true,"jetpack_shortlink":"https:\/\/wp.me\/P5oKpc-12","_links":{"self":[{"href":"http:\/\/www.phguerard.info\/expresscotier2015\/blog\/index.php?rest_route=\/wp\/v2\/pages\/64","targetHints":{"allow":["GET"]}}],"collection":[{"href":"http:\/\/www.phguerard.info\/expresscotier2015\/blog\/index.php?rest_route=\/wp\/v2\/pages"}],"about":[{"href":"http:\/\/www.phguerard.info\/expresscotier2015\/blog\/index.php?rest_route=\/wp\/v2\/types\/page"}],"author":[{"embeddable":true,"href":"http:\/\/www.phguerard.info\/expresscotier2015\/blog\/index.php?rest_route=\/wp\/v2\/users\/1"}],"replies":[{"embeddable":true,"href":"http:\/\/www.phguerard.info\/expresscotier2015\/blog\/index.php?rest_route=%2Fwp%2Fv2%2Fcomments&post=64"}],"version-history":[{"count":33,"href":"http:\/\/www.phguerard.info\/expresscotier2015\/blog\/index.php?rest_route=\/wp\/v2\/pages\/64\/revisions"}],"predecessor-version":[{"id":134,"href":"http:\/\/www.phguerard.info\/expresscotier2015\/blog\/index.php?rest_route=\/wp\/v2\/pages\/64\/revisions\/134"}],"wp:attachment":[{"href":"http:\/\/www.phguerard.info\/expresscotier2015\/blog\/index.php?rest_route=%2Fwp%2Fv2%2Fmedia&parent=64"}],"curies":[{"name":"wp","href":"https:\/\/api.w.org\/{rel}","templated":true}]}}