{"id":17,"date":"2014-11-23T15:40:52","date_gmt":"2014-11-23T14:40:52","guid":{"rendered":"http:\/\/www.phguerard.info\/expresscotier2015\/blog\/?page_id=17"},"modified":"2015-06-17T13:43:55","modified_gmt":"2015-06-17T11:43:55","slug":"la-carte-du-voyage","status":"publish","type":"page","link":"http:\/\/www.phguerard.info\/expresscotier2015\/blog\/?page_id=17","title":{"rendered":"La carte du voyage"},"content":{"rendered":"<p>Bonjour,<\/p>\n<p>Voici d&rsquo;abord la carte g\u00e9n\u00e9rale du voyage extraite de la documentation de l&rsquo;Hurtigruten\u00a0 (aller\/retour), un peu plus bas l&rsquo;endroit o\u00f9 se trouve le navire au moment o\u00f9 vous lisez ce blog :<\/p>\n<p><a href=\"http:\/\/www.phguerard.info\/expresscotier2015\/blog\/wp-content\/uploads\/2014\/11\/carte1.jpg\"><img loading=\"lazy\" decoding=\"async\" class=\"aligncenter size-full wp-image-5\" src=\"http:\/\/www.phguerard.info\/expresscotier2015\/blog\/wp-content\/uploads\/2014\/11\/carte1.jpg\" alt=\"carte\" width=\"675\" height=\"846\" srcset=\"http:\/\/www.phguerard.info\/expresscotier2015\/blog\/wp-content\/uploads\/2014\/11\/carte1.jpg 675w, http:\/\/www.phguerard.info\/expresscotier2015\/blog\/wp-content\/uploads\/2014\/11\/carte1-239x300.jpg 239w\" sizes=\"auto, (max-width: 675px) 100vw, 675px\" \/><\/a><\/p>\n<p>Au retour le navire ne passe ni par Vadso, ni Geiranger.<\/p>\n<p>Vous pouvez t\u00e9l\u00e9charger sous le lien ci-dessous le tableau des escales avec les dates et les heures (et pour certains ports heures arriv\u00e9e \/ d\u00e9part) :<\/p>\n<p><a href=\"http:\/\/www.phguerard.info\/expresscotier2015\/horaires_escales.pdf\" target=\"_blank\">Tableau des dates et heures des escales<\/a><\/p>\n<p>Maintenant la position actuelle du navire :<\/p>\n<p><script type=\"text\/javascript\"> \nwidth='100%';\t\t\/\/ the width of the embedded map in pixels or percentage \theight='450';\t\t\/\/ the height of the embedded map in pixels or percentage \tborder='1';\t\t\/\/ the width of the border around the map (zero means no border) \tshownames='true';\t        \/\/ to display ship names on the map (true or false)\nlatitude='63.6121';\t\/\/ the latitude of the center of the map, in decimal degrees \tlongitude='09.380';\t\/\/ the longitude of the center of the map, in decimal degrees \tzoom='9';\t\t\/\/ the zoom level of the map (values between 2 and 17) \t\nmaptype='1';\t\t\/\/ use 0 for Normal map, 1 for Satellite, 2 for Hybrid, 3 for Terrain \ttrackvessel='257200000';  \/\/ MMSI of a vessel (note: vessel will displayed only if within range of the system) - overrides \"zoom\" option \t\nfleet='';\t\t\/\/ the registered email address of a user-defined fleet (user's default fleet is used) \t\nremember='true';\t         \/\/ remember or not the last position of the map (true or false) \tlanguage='fr';\t\t\/\/ the preferred display language \t\nshowmenu=false;\t\t\/\/ show or hide the map options menu\n<\/script><br \/>\n<script src=\"http:\/\/www.marinetraffic.com\/js\/embed.js\" type=\"text\/javascript\"><\/script><\/p>\n<p> Et maintenant en cliquant sur les images ci-dessous vous ouvrez une nouvelle page et vous verrez ce qu&rsquo;il y a devant le navire et sur b\u00e2bord. Actualisation automatique toutes les 5 minutes. Les webcams des navires sont mises \u00e0 jour environ toutes les 5\/15 minutes, mais parfois il est possible que rien ne s&rsquo;affiche &#8230;. revenir alors plus tard : <\/p>\n<p><a href=\"http:\/\/www.phguerard.info\/expresscotier2015\/navire\/kong_harald\/cam01_bateau.html\" target=\"_blank\"><div id=\"attachment_121\" style=\"width: 410px\" class=\"wp-caption aligncenter\"><img loading=\"lazy\" decoding=\"async\" aria-describedby=\"caption-attachment-121\" src=\"http:\/\/www.phguerard.info\/expresscotier2015\/blog\/wp-content\/uploads\/2014\/11\/cam_avant.jpg\" alt=\"Webcam avant du Kong Harald\" width=\"400\" height=\"200\" class=\"size-full wp-image-121\" srcset=\"http:\/\/www.phguerard.info\/expresscotier2015\/blog\/wp-content\/uploads\/2014\/11\/cam_avant.jpg 400w, http:\/\/www.phguerard.info\/expresscotier2015\/blog\/wp-content\/uploads\/2014\/11\/cam_avant-300x150.jpg 300w\" sizes=\"auto, (max-width: 400px) 100vw, 400px\" \/><p id=\"caption-attachment-121\" class=\"wp-caption-text\"><strong>Webcam avant du Kong Harald<\/strong><\/p><\/div><\/a><br \/>\n<a href=\"http:\/\/www.phguerard.info\/expresscotier2015\/navire\/kong_harald\/cam02_bateau.html\" target=\"_blank\"><div id=\"attachment_122\" style=\"width: 410px\" class=\"wp-caption aligncenter\"><img loading=\"lazy\" decoding=\"async\" aria-describedby=\"caption-attachment-122\" src=\"http:\/\/www.phguerard.info\/expresscotier2015\/blog\/wp-content\/uploads\/2014\/11\/cam_babord.jpg\" alt=\"Webcam b\u00e2bord du Kong Harald\" width=\"400\" height=\"200\" class=\"size-full wp-image-122\" srcset=\"http:\/\/www.phguerard.info\/expresscotier2015\/blog\/wp-content\/uploads\/2014\/11\/cam_babord.jpg 400w, http:\/\/www.phguerard.info\/expresscotier2015\/blog\/wp-content\/uploads\/2014\/11\/cam_babord-300x150.jpg 300w\" sizes=\"auto, (max-width: 400px) 100vw, 400px\" \/><p id=\"caption-attachment-122\" class=\"wp-caption-text\"><strong> Webcam b\u00e2bord du Kong Harald<\/strong><\/p><\/div><\/a> <\/p>\n<p>Bonne balade.<\/p>\n<div align=\"center\"><!-- CPM AFFILIATION TAG 468X60 (phguerard.info) --><script type=\"text\/javascript\">\/\/ <![CDATA[\nvar cpma_rnd=Math.floor(Math.random()*99999999999);\ndocument.write(\"<scr\"+\"ipt type='text\/javascript' src='http:\/\/www.cpmaffiliation.com\/46577-468x60.js?rnd=\"+cpma_rnd+\"'><\/scr\"+\"ipt>\");\n\/\/ ]]><\/script><br \/>\n<!-- FIN TAG CPM AFFILIATION --><\/div>\n","protected":false},"excerpt":{"rendered":"<p>Bonjour, Voici d&rsquo;abord la carte g\u00e9n\u00e9rale du voyage extraite de la documentation de l&rsquo;Hurtigruten\u00a0 (aller\/retour), un peu plus bas l&rsquo;endroit o\u00f9 se trouve le navire au moment o\u00f9 vous lisez ce blog : Au retour le navire ne passe ni &hellip; <a href=\"http:\/\/www.phguerard.info\/expresscotier2015\/blog\/?page_id=17\">Continuer la lecture <span class=\"meta-nav\">&rarr;<\/span><\/a><\/p>\n","protected":false},"author":1,"featured_media":0,"parent":0,"menu_order":0,"comment_status":"open","ping_status":"open","template":"","meta":{"jetpack_post_was_ever_published":false,"footnotes":""},"class_list":["post-17","page","type-page","status-publish","hentry"],"jetpack_sharing_enabled":true,"jetpack_shortlink":"https:\/\/wp.me\/P5oKpc-h","_links":{"self":[{"href":"http:\/\/www.phguerard.info\/expresscotier2015\/blog\/index.php?rest_route=\/wp\/v2\/pages\/17","targetHints":{"allow":["GET"]}}],"collection":[{"href":"http:\/\/www.phguerard.info\/expresscotier2015\/blog\/index.php?rest_route=\/wp\/v2\/pages"}],"about":[{"href":"http:\/\/www.phguerard.info\/expresscotier2015\/blog\/index.php?rest_route=\/wp\/v2\/types\/page"}],"author":[{"embeddable":true,"href":"http:\/\/www.phguerard.info\/expresscotier2015\/blog\/index.php?rest_route=\/wp\/v2\/users\/1"}],"replies":[{"embeddable":true,"href":"http:\/\/www.phguerard.info\/expresscotier2015\/blog\/index.php?rest_route=%2Fwp%2Fv2%2Fcomments&post=17"}],"version-history":[{"count":36,"href":"http:\/\/www.phguerard.info\/expresscotier2015\/blog\/index.php?rest_route=\/wp\/v2\/pages\/17\/revisions"}],"predecessor-version":[{"id":132,"href":"http:\/\/www.phguerard.info\/expresscotier2015\/blog\/index.php?rest_route=\/wp\/v2\/pages\/17\/revisions\/132"}],"wp:attachment":[{"href":"http:\/\/www.phguerard.info\/expresscotier2015\/blog\/index.php?rest_route=%2Fwp%2Fv2%2Fmedia&parent=17"}],"curies":[{"name":"wp","href":"https:\/\/api.w.org\/{rel}","templated":true}]}}